{"id":9908,"date":"2023-12-09T18:37:24","date_gmt":"2023-12-09T17:37:24","guid":{"rendered":"https:\/\/www.qiibee.com\/blockchain-technologie\/"},"modified":"2024-01-15T11:18:38","modified_gmt":"2024-01-15T10:18:38","slug":"blockchain-technologie","status":"publish","type":"page","link":"https:\/\/www.qiibee.com\/de\/blockchain-technologie\/","title":{"rendered":"Blockchain-Technologie"},"content":{"rendered":"<p>[et_pb_section fb_built=&#8220;1&#8243; next_background_color=&#8220;#FFFFFF&#8220; _builder_version=&#8220;4.8.1&#8243; _module_preset=&#8220;default&#8220; background_enable_color=&#8220;off&#8220; use_background_color_gradient=&#8220;on&#8220; background_color_gradient_start=&#8220;#00a0e3&#8243; background_color_gradient_end=&#8220;#d82a90&#8243; background_color_gradient_direction=&#8220;145deg&#8220; background_image=&#8220;https:\/\/www.qiibee.com\/wp-content\/uploads\/2023\/10\/qb-ws23-bg.png&#8220; parallax=&#8220;on&#8220; bottom_divider_style=&#8220;waves&#8220; bottom_divider_height=&#8220;60px&#8220; bottom_divider_repeat=&#8220;0.5x&#8220; bottom_divider_repeat_tablet=&#8220;0.3x&#8220; bottom_divider_repeat_phone=&#8220;0.2x&#8220; bottom_divider_repeat_last_edited=&#8220;on|phone&#8220;][et_pb_row make_equal=&#8220;on&#8220; _builder_version=&#8220;4.8.1&#8243; _module_preset=&#8220;default&#8220;][et_pb_column type=&#8220;4_4&#8243; _builder_version=&#8220;4.8.1&#8243; _module_preset=&#8220;default&#8220; custom_css_main_element=&#8220;margin:auto;&#8220;][et_pb_text admin_label=&#8220;Main Headline&#8220; _builder_version=&#8220;4.8.1&#8243; _module_preset=&#8220;default&#8220; text_text_color=&#8220;#FFFFFF&#8220; text_font_size=&#8220;18px&#8220; text_line_height=&#8220;1.5em&#8220; header_font=&#8220;|800|||||||&#8220; header_text_color=&#8220;#FFFFFF&#8220; header_font_size=&#8220;52px&#8220; header_line_height=&#8220;1.2em&#8220; header_2_font=&#8220;|800|||||||&#8220; header_2_text_align=&#8220;center&#8220; header_2_font_size=&#8220;28px&#8220; header_2_line_height=&#8220;1.2em&#8220; header_3_font=&#8220;|800|||||||&#8220; header_3_font_size=&#8220;21px&#8220; header_3_line_height=&#8220;1.2em&#8220; header_font_size_tablet=&#8220;&#8220; header_font_size_phone=&#8220;32px&#8220; header_font_size_last_edited=&#8220;on|desktop&#8220; locked=&#8220;off&#8220;]<\/p>\n<h1>Verkn\u00fcpfung der Treueindustrie mit Blockchain-Technologie.<\/h1>\n<p>[\/et_pb_text][\/et_pb_column][\/et_pb_row][\/et_pb_section][et_pb_section fb_built=&#8220;1&#8243; _builder_version=&#8220;4.8.1&#8243; _module_preset=&#8220;default&#8220; background_color=&#8220;#FFFFFF&#8220; background_enable_image=&#8220;off&#8220; parallax=&#8220;on&#8220; custom_padding=&#8220;||||false|false&#8220; top_divider_repeat=&#8220;0.3x&#8220; top_divider_flip=&#8220;vertical&#8220;][et_pb_row _builder_version=&#8220;4.8.1&#8243; _module_preset=&#8220;default&#8220;][et_pb_column type=&#8220;4_4&#8243; _builder_version=&#8220;4.8.1&#8243; _module_preset=&#8220;default&#8220;][dsm_gradient_text gradient_text=&#8220;Why blockchain technology?&#8220; admin_label=&#8220;Supreme Gradient Text&#8220; _builder_version=&#8220;4.8.1&#8243; _module_preset=&#8220;default&#8220; header_level=&#8220;h2&#8243; header_font=&#8220;|800|||||||&#8220; header_text_align=&#8220;left&#8220; header_font_size=&#8220;28px&#8220; header_line_height=&#8220;1.2em&#8220; background_color_gradient_start=&#8220;#00a0e3&#8243; background_color_gradient_end=&#8220;#d82a90&#8243; background_color_gradient_direction=&#8220;145deg&#8220; background_color_gradient_end_position=&#8220;50%&#8220; text_orientation=&#8220;left&#8220; custom_margin=&#8220;||15px||false|false&#8220; custom_padding=&#8220;||||false|false&#8220; hover_enabled=&#8220;0&#8243; sticky_enabled=&#8220;0&#8243;][\/dsm_gradient_text][et_pb_text admin_label=&#8220;Description&#8220; _builder_version=&#8220;4.8.1&#8243; _module_preset=&#8220;default&#8220; text_text_color=&#8220;#2D2D2D&#8220; text_font_size=&#8220;18px&#8220; text_line_height=&#8220;1.5em&#8220; header_font=&#8220;|800|||||||&#8220; header_text_color=&#8220;#FFFFFF&#8220; header_font_size=&#8220;42px&#8220; header_line_height=&#8220;1.2em&#8220; header_2_font=&#8220;|800|||||||&#8220; header_2_text_align=&#8220;center&#8220; header_2_font_size=&#8220;28px&#8220; header_2_line_height=&#8220;1.2em&#8220; header_3_font=&#8220;|800|||||||&#8220; header_3_font_size=&#8220;21px&#8220; header_3_line_height=&#8220;1.2em&#8220; header_font_size_tablet=&#8220;&#8220; header_font_size_phone=&#8220;32px&#8220; header_font_size_last_edited=&#8220;on|desktop&#8220;]<\/p>\n<p><i class=\"fa-regular fa-list-check\"><\/i> <strong>Eliminierung der Abstimmung:<\/strong><\/p>\n<p>Einer der gr\u00f6\u00dften Vorteile der Blockchain in der Treueindustrie ist die Beseitigung von Abstimmungskosten. Traditionelle Treueprogramme beinhalten oft komplexe Abstimmungsprozesse, um den Austausch von Belohnungen zu verwalten, was kostspielig und zeitaufwendig sein kann. Die Blockchain-Technologie, mit ihrem inh\u00e4renten Merkmal einer einzigen Wahrheitsquelle, eliminiert diese Probleme, vereinfacht den Prozess und reduziert die Kosten.<\/p>\n<p><i class=\"fa-regular fa-gauge-max\"><\/i> <strong>Sofortige, Echtzeit-Transaktionen:<\/strong><\/p>\n<p>Die Blockchain-Technologie erm\u00f6glicht sofortigen Austausch von Transaktionen \u00fcber Partnernetzwerke hinweg und erm\u00f6glicht Belohnungen in Echtzeit. Diese Unmittelbarkeit ist entscheidend, um das Kundeninteresse und die Zufriedenheit aufrechtzuerhalten, da sie sicherstellt, dass Belohnungen ohne Verz\u00f6gerung aktualisiert, getauscht oder eingel\u00f6st werden k\u00f6nnen.<\/p>\n<p><i class=\"fa-regular fa-shield-keyhole\"><\/i> <strong>Verbesserte Sicherheit und Transparenz:<\/strong><\/p>\n<p>Die dezentrale Natur der Blockchain stellt sicher, dass die Belohnungsw\u00e4hrung sicher und vor Betrug oder unbefugter Manipulation gesch\u00fctzt ist. Dar\u00fcber hinaus bietet die Technologie volle Transparenz in Transaktionen, was das Vertrauen unter den Partnern st\u00e4rkt.<\/p>\n<p>[\/et_pb_text][\/et_pb_column][\/et_pb_row][et_pb_row _builder_version=&#8220;4.8.1&#8243; _module_preset=&#8220;default&#8220;][et_pb_column type=&#8220;4_4&#8243; _builder_version=&#8220;4.8.1&#8243; _module_preset=&#8220;default&#8220;][dsm_gradient_text gradient_text=&#8220;Together with the qiibee foundation&#8220; admin_label=&#8220;Supreme Gradient Text&#8220; _builder_version=&#8220;4.8.1&#8243; _module_preset=&#8220;default&#8220; header_level=&#8220;h2&#8243; header_font=&#8220;|800|||||||&#8220; header_text_align=&#8220;left&#8220; header_font_size=&#8220;28px&#8220; header_line_height=&#8220;1.2em&#8220; background_color_gradient_start=&#8220;#00a0e3&#8243; background_color_gradient_end=&#8220;#d82a90&#8243; background_color_gradient_direction=&#8220;145deg&#8220; background_color_gradient_end_position=&#8220;50%&#8220; text_orientation=&#8220;left&#8220; custom_margin=&#8220;||15px||false|false&#8220; custom_padding=&#8220;||||false|false&#8220; hover_enabled=&#8220;0&#8243; sticky_enabled=&#8220;0&#8243;][\/dsm_gradient_text][et_pb_text admin_label=&#8220;Description&#8220; _builder_version=&#8220;4.8.1&#8243; _module_preset=&#8220;default&#8220; text_text_color=&#8220;#2D2D2D&#8220; text_font_size=&#8220;18px&#8220; text_line_height=&#8220;1.5em&#8220; header_font=&#8220;|800|||||||&#8220; header_text_color=&#8220;#FFFFFF&#8220; header_font_size=&#8220;42px&#8220; header_line_height=&#8220;1.2em&#8220; header_2_font=&#8220;|800|||||||&#8220; header_2_text_align=&#8220;center&#8220; header_2_font_size=&#8220;28px&#8220; header_2_line_height=&#8220;1.2em&#8220; header_3_font=&#8220;|800|||||||&#8220; header_3_font_size=&#8220;21px&#8220; header_3_line_height=&#8220;1.2em&#8220; header_font_size_tablet=&#8220;&#8220; header_font_size_phone=&#8220;32px&#8220; header_font_size_last_edited=&#8220;on|desktop&#8220;]<\/p>\n<p>Die qiibee Stiftung ist eine gemeinn\u00fctzige Organisation mit Sitz in Zug, Schweiz, mit dem Ziel, die qiibee Treue-Blockchain-Infrastruktur zu f\u00f6rdern und zu entwickeln, sowie die F\u00f6rderung und Unterst\u00fctzung von Anwendungen, die f\u00fcr das qiibee \u00d6kosystem entwickelt wurden.<\/p>\n<p>Erfahre mehr \u00fcber die <a href=\"https:\/\/www.qiibeefoundation.org\" target=\"_blank\" rel=\"noopener\">qiibee Stiftung<\/a>.<\/p>\n<p>[\/et_pb_text][\/et_pb_column][\/et_pb_row][\/et_pb_section]<\/p>\n<span class=\"et_bloom_bottom_trigger\"><\/span>","protected":false},"excerpt":{"rendered":"<p>[et_pb_section fb_built=&#8220;1&#8243; next_background_color=&#8220;#FFFFFF&#8220; _builder_version=&#8220;4.8.1&#8243; _module_preset=&#8220;default&#8220; background_enable_color=&#8220;off&#8220; use_background_color_gradient=&#8220;on&#8220; background_color_gradient_start=&#8220;#00a0e3&#8243; background_color_gradient_end=&#8220;#d82a90&#8243; background_color_gradient_direction=&#8220;145deg&#8220; background_image=&#8220;https:\/\/www.qiibee.com\/wp-content\/uploads\/2023\/10\/qb-ws23-bg.png&#8220; parallax=&#8220;on&#8220; bottom_divider_style=&#8220;waves&#8220; bottom_divider_height=&#8220;60px&#8220; bottom_divider_repeat=&#8220;0.5x&#8220; bottom_divider_repeat_tablet=&#8220;0.3x&#8220; bottom_divider_repeat_phone=&#8220;0.2x&#8220; bottom_divider_repeat_last_edited=&#8220;on|phone&#8220;][et_pb_row make_equal=&#8220;on&#8220; _builder_version=&#8220;4.8.1&#8243; _module_preset=&#8220;default&#8220;][et_pb_column type=&#8220;4_4&#8243; _builder_version=&#8220;4.8.1&#8243; _module_preset=&#8220;default&#8220; custom_css_main_element=&#8220;margin:auto;&#8220;][et_pb_text admin_label=&#8220;Main Headline&#8220; _builder_version=&#8220;4.8.1&#8243; _module_preset=&#8220;default&#8220; text_text_color=&#8220;#FFFFFF&#8220; text_font_size=&#8220;18px&#8220; text_line_height=&#8220;1.5em&#8220; header_font=&#8220;|800|||||||&#8220; header_text_color=&#8220;#FFFFFF&#8220; header_font_size=&#8220;52px&#8220; header_line_height=&#8220;1.2em&#8220; header_2_font=&#8220;|800|||||||&#8220; header_2_text_align=&#8220;center&#8220; header_2_font_size=&#8220;28px&#8220; header_2_line_height=&#8220;1.2em&#8220; header_3_font=&#8220;|800|||||||&#8220; header_3_font_size=&#8220;21px&#8220; header_3_line_height=&#8220;1.2em&#8220; header_font_size_tablet=&#8220;&#8220; header_font_size_phone=&#8220;32px&#8220; header_font_size_last_edited=&#8220;on|desktop&#8220; locked=&#8220;off&#8220;] Verkn\u00fcpfung der Treueindustrie mit Blockchain-Technologie. [\/et_pb_text][\/et_pb_column][\/et_pb_row][\/et_pb_section][et_pb_section fb_built=&#8220;1&#8243; _builder_version=&#8220;4.8.1&#8243; [&hellip;]<\/p>\n","protected":false},"author":2,"featured_media":9549,"parent":0,"menu_order":0,"comment_status":"closed","ping_status":"closed","template":"","meta":{"_et_pb_use_builder":"on","_et_pb_old_content":"","_et_gb_content_width":"","footnotes":""},"class_list":["post-9908","page","type-page","status-publish","has-post-thumbnail","hentry"],"yoast_head":"<!-- This site is optimized with the Yoast SEO plugin v20.11 - https:\/\/yoast.com\/wordpress\/plugins\/seo\/ -->\n<title>Blockchain-Technologie - qiibee<\/title>\n<meta name=\"description\" content=\"Verkn\u00fcpfung der Treueindustrie mit Blockchain-Technologie. Einer der gr\u00f6\u00dften Vorteile der Blockchain in der Treueindustrie ist die Beseitigung von Abstimmungskosten.\" \/>\n<meta name=\"robots\" content=\"index, follow, max-snippet:-1, max-image-preview:large, max-video-preview:-1\" \/>\n<link rel=\"canonical\" href=\"https:\/\/www.qiibee.com\/de\/blockchain-technologie\/\" \/>\n<meta property=\"og:locale\" content=\"de_DE\" \/>\n<meta property=\"og:type\" content=\"article\" \/>\n<meta property=\"og:title\" content=\"Blockchain-Technologie - qiibee\" \/>\n<meta property=\"og:description\" content=\"Verkn\u00fcpfung der Treueindustrie mit Blockchain-Technologie. Einer der gr\u00f6\u00dften Vorteile der Blockchain in der Treueindustrie ist die Beseitigung von Abstimmungskosten.\" \/>\n<meta property=\"og:url\" content=\"https:\/\/www.qiibee.com\/de\/blockchain-technologie\/\" \/>\n<meta property=\"og:site_name\" content=\"qiibee\" \/>\n<meta property=\"article:publisher\" content=\"https:\/\/www.facebook.com\/qiibee\" \/>\n<meta property=\"article:modified_time\" content=\"2024-01-15T10:18:38+00:00\" \/>\n<meta property=\"og:image\" content=\"https:\/\/www.qiibee.com\/wp-content\/uploads\/2023\/11\/qb-ws23-ft.png\" \/>\n\t<meta property=\"og:image:width\" content=\"1280\" \/>\n\t<meta property=\"og:image:height\" content=\"720\" \/>\n\t<meta property=\"og:image:type\" content=\"image\/png\" \/>\n<meta name=\"twitter:card\" content=\"summary_large_image\" \/>\n<meta name=\"twitter:site\" content=\"@qiibee\" \/>\n<meta name=\"twitter:label1\" content=\"Gesch\u00e4tzte Lesezeit\" \/>\n\t<meta name=\"twitter:data1\" content=\"4\u00a0Minuten\" \/>\n<script type=\"application\/ld+json\" class=\"yoast-schema-graph\">{\"@context\":\"https:\/\/schema.org\",\"@graph\":[{\"@type\":\"WebPage\",\"@id\":\"https:\/\/www.qiibee.com\/de\/blockchain-technologie\/\",\"url\":\"https:\/\/www.qiibee.com\/de\/blockchain-technologie\/\",\"name\":\"Blockchain-Technologie - qiibee\",\"isPartOf\":{\"@id\":\"https:\/\/www.qiibee.com\/de\/#website\"},\"datePublished\":\"2023-12-09T17:37:24+00:00\",\"dateModified\":\"2024-01-15T10:18:38+00:00\",\"description\":\"Verkn\u00fcpfung der Treueindustrie mit Blockchain-Technologie. Einer der gr\u00f6\u00dften Vorteile der Blockchain in der Treueindustrie ist die Beseitigung von Abstimmungskosten.\",\"breadcrumb\":{\"@id\":\"https:\/\/www.qiibee.com\/de\/blockchain-technologie\/#breadcrumb\"},\"inLanguage\":\"de\",\"potentialAction\":[{\"@type\":\"ReadAction\",\"target\":[\"https:\/\/www.qiibee.com\/de\/blockchain-technologie\/\"]}]},{\"@type\":\"BreadcrumbList\",\"@id\":\"https:\/\/www.qiibee.com\/de\/blockchain-technologie\/#breadcrumb\",\"itemListElement\":[{\"@type\":\"ListItem\",\"position\":1,\"name\":\"Home\",\"item\":\"https:\/\/www.qiibee.com\/de\/\"},{\"@type\":\"ListItem\",\"position\":2,\"name\":\"Blockchain-Technologie\"}]},{\"@type\":\"WebSite\",\"@id\":\"https:\/\/www.qiibee.com\/de\/#website\",\"url\":\"https:\/\/www.qiibee.com\/de\/\",\"name\":\"qiibee\",\"description\":\"Zugriff auf weltbekannte Marken, die deine Kunden lieben.\",\"potentialAction\":[{\"@type\":\"SearchAction\",\"target\":{\"@type\":\"EntryPoint\",\"urlTemplate\":\"https:\/\/www.qiibee.com\/de\/?s={search_term_string}\"},\"query-input\":\"required name=search_term_string\"}],\"inLanguage\":\"de\"}]}<\/script>\n<!-- \/ Yoast SEO plugin. -->","yoast_head_json":{"title":"Blockchain-Technologie - qiibee","description":"Verkn\u00fcpfung der Treueindustrie mit Blockchain-Technologie. Einer der gr\u00f6\u00dften Vorteile der Blockchain in der Treueindustrie ist die Beseitigung von Abstimmungskosten.","robots":{"index":"index","follow":"follow","max-snippet":"max-snippet:-1","max-image-preview":"max-image-preview:large","max-video-preview":"max-video-preview:-1"},"canonical":"https:\/\/www.qiibee.com\/de\/blockchain-technologie\/","og_locale":"de_DE","og_type":"article","og_title":"Blockchain-Technologie - qiibee","og_description":"Verkn\u00fcpfung der Treueindustrie mit Blockchain-Technologie. Einer der gr\u00f6\u00dften Vorteile der Blockchain in der Treueindustrie ist die Beseitigung von Abstimmungskosten.","og_url":"https:\/\/www.qiibee.com\/de\/blockchain-technologie\/","og_site_name":"qiibee","article_publisher":"https:\/\/www.facebook.com\/qiibee","article_modified_time":"2024-01-15T10:18:38+00:00","og_image":[{"width":1280,"height":720,"url":"https:\/\/www.qiibee.com\/wp-content\/uploads\/2023\/11\/qb-ws23-ft.png","type":"image\/png"}],"twitter_card":"summary_large_image","twitter_site":"@qiibee","twitter_misc":{"Gesch\u00e4tzte Lesezeit":"4\u00a0Minuten"},"schema":{"@context":"https:\/\/schema.org","@graph":[{"@type":"WebPage","@id":"https:\/\/www.qiibee.com\/de\/blockchain-technologie\/","url":"https:\/\/www.qiibee.com\/de\/blockchain-technologie\/","name":"Blockchain-Technologie - qiibee","isPartOf":{"@id":"https:\/\/www.qiibee.com\/de\/#website"},"datePublished":"2023-12-09T17:37:24+00:00","dateModified":"2024-01-15T10:18:38+00:00","description":"Verkn\u00fcpfung der Treueindustrie mit Blockchain-Technologie. Einer der gr\u00f6\u00dften Vorteile der Blockchain in der Treueindustrie ist die Beseitigung von Abstimmungskosten.","breadcrumb":{"@id":"https:\/\/www.qiibee.com\/de\/blockchain-technologie\/#breadcrumb"},"inLanguage":"de","potentialAction":[{"@type":"ReadAction","target":["https:\/\/www.qiibee.com\/de\/blockchain-technologie\/"]}]},{"@type":"BreadcrumbList","@id":"https:\/\/www.qiibee.com\/de\/blockchain-technologie\/#breadcrumb","itemListElement":[{"@type":"ListItem","position":1,"name":"Home","item":"https:\/\/www.qiibee.com\/de\/"},{"@type":"ListItem","position":2,"name":"Blockchain-Technologie"}]},{"@type":"WebSite","@id":"https:\/\/www.qiibee.com\/de\/#website","url":"https:\/\/www.qiibee.com\/de\/","name":"qiibee","description":"Zugriff auf weltbekannte Marken, die deine Kunden lieben.","potentialAction":[{"@type":"SearchAction","target":{"@type":"EntryPoint","urlTemplate":"https:\/\/www.qiibee.com\/de\/?s={search_term_string}"},"query-input":"required name=search_term_string"}],"inLanguage":"de"}]}},"_links":{"self":[{"href":"https:\/\/www.qiibee.com\/de\/wp-json\/wp\/v2\/pages\/9908","targetHints":{"allow":["GET"]}}],"collection":[{"href":"https:\/\/www.qiibee.com\/de\/wp-json\/wp\/v2\/pages"}],"about":[{"href":"https:\/\/www.qiibee.com\/de\/wp-json\/wp\/v2\/types\/page"}],"author":[{"embeddable":true,"href":"https:\/\/www.qiibee.com\/de\/wp-json\/wp\/v2\/users\/2"}],"replies":[{"embeddable":true,"href":"https:\/\/www.qiibee.com\/de\/wp-json\/wp\/v2\/comments?post=9908"}],"version-history":[{"count":2,"href":"https:\/\/www.qiibee.com\/de\/wp-json\/wp\/v2\/pages\/9908\/revisions"}],"predecessor-version":[{"id":9910,"href":"https:\/\/www.qiibee.com\/de\/wp-json\/wp\/v2\/pages\/9908\/revisions\/9910"}],"wp:featuredmedia":[{"embeddable":true,"href":"https:\/\/www.qiibee.com\/de\/wp-json\/wp\/v2\/media\/9549"}],"wp:attachment":[{"href":"https:\/\/www.qiibee.com\/de\/wp-json\/wp\/v2\/media?parent=9908"}],"curies":[{"name":"wp","href":"https:\/\/api.w.org\/{rel}","templated":true}]}}