{"id":9902,"date":"2023-10-19T15:35:14","date_gmt":"2023-10-19T13:35:14","guid":{"rendered":"https:\/\/www.qiibee.com\/umfragen\/umfrage-meilen-verdienen-und-ausgeben\/"},"modified":"2024-01-30T17:07:22","modified_gmt":"2024-01-30T16:07:22","slug":"umfrage-meilen-verdienen-und-ausgeben","status":"publish","type":"page","link":"https:\/\/www.qiibee.com\/de\/umfragen\/umfrage-meilen-verdienen-und-ausgeben\/","title":{"rendered":"Umfrage: Meilen sammeln und ausgeben"},"content":{"rendered":"<p>[et_pb_section fb_built=&#8220;1&#8243; admin_label=&#8220;Hero Section&#8220; _builder_version=&#8220;4.8.1&#8243; _module_preset=&#8220;default&#8220; use_background_color_gradient=&#8220;on&#8220; background_color_gradient_start=&#8220;#00a0e3&#8243; background_color_gradient_end=&#8220;#d82a90&#8243; background_color_gradient_direction=&#8220;145deg&#8220; background_image=&#8220;https:\/\/www.qiibee.com\/wp-content\/uploads\/2023\/10\/qb-ws23-bg07-01.png&#8220; parallax=&#8220;on&#8220; min_height_last_edited=&#8220;off|desktop&#8220; custom_padding=&#8220;0px||0px||true|false&#8220; custom_css_main_element=&#8220;min-height: 100vh;||display: flex;||flex-direction: column;&#8220; custom_css_main_element_last_edited=&#8220;off|desktop&#8220;][et_pb_row make_equal=&#8220;on&#8220; admin_label=&#8220;Hero Content Row&#8220; _builder_version=&#8220;4.8.1&#8243; _module_preset=&#8220;default&#8220; module_alignment=&#8220;center&#8220;][et_pb_column type=&#8220;4_4&#8243; _builder_version=&#8220;4.8.1&#8243; _module_preset=&#8220;default&#8220; custom_css_main_element=&#8220;margin:auto;&#8220;][et_pb_image src=&#8220;https:\/\/www.qiibee.com\/wp-content\/uploads\/2021\/01\/qbx-logo-light.png&#8220; title_text=&#8220;qbx-logo-light&#8220; url=&#8220;https:\/\/www.qiibee.com&#8220; align=&#8220;center&#8220; admin_label=&#8220;logo&#8220; _builder_version=&#8220;4.8.1&#8243; _module_preset=&#8220;default&#8220; width=&#8220;135px&#8220;][\/et_pb_image][et_pb_text admin_label=&#8220;Page Title&#8220; _builder_version=&#8220;4.8.1&#8243; _module_preset=&#8220;default&#8220; text_text_color=&#8220;#FFFFFF&#8220; text_font_size=&#8220;18px&#8220; header_font=&#8220;|800|||||||&#8220; header_text_align=&#8220;center&#8220; header_text_color=&#8220;#FFFFFF&#8220; header_font_size=&#8220;32px&#8220; header_line_height=&#8220;1.2em&#8220; header_6_font=&#8220;||on||||||&#8220; header_6_text_color=&#8220;#FFFFFF&#8220; header_6_font_size=&#8220;13px&#8220; header_6_line_height=&#8220;1.2em&#8220; text_orientation=&#8220;center&#8220; background_layout=&#8220;dark&#8220; max_width=&#8220;960px&#8220; module_alignment=&#8220;center&#8220; header_font_size_tablet=&#8220;&#8220; header_font_size_phone=&#8220;&#8220; header_font_size_last_edited=&#8220;on|desktop&#8220;]<\/p>\n<h1>Sammle bis zu 200 Miles, indem du deine Vorlieben teilst!<\/h1>\n<p>Wie sammelst und gibst du am liebsten Miles &amp; More Meilen aus? <br \/><strong>Sei einer der ersten 1&#8217;500 Teilnehmer, die ihr Feedback abgeben, und sammle bis zu 200 Meilen!<\/strong> Und so geht&#8217;s: F\u00fcr jede beantwortete Frage erh\u00e4ltst du Meilen. Je mehr Fragen du beantwortest, desto h\u00f6her ist deinen Verdienst &#8211; su kannst bis zu 150 Miles erreichen. Au\u00dferdem erh\u00e4ltst du einen Bonus von 50 Meilen f\u00fcr jeden Freund, der bei der Umfrage mit macht. Los geht&#8217;s! <span role=\"img\" aria-label=\"\u2708\ufe0f\">\u2708\ufe0f<\/span><!-- notionvc: 15101abf-b176-43ff-ae05-360f112044c0 --><\/p>\n<p>[\/et_pb_text][et_pb_code disabled_on=&#8220;on|on|off&#8220; admin_label=&#8220;Typeform Desktop&#8220; _builder_version=&#8220;4.8.1&#8243; _module_preset=&#8220;default&#8220; background_color=&#8220;#FFFFFF&#8220; height=&#8220;540px&#8220; height_last_edited=&#8220;off|desktop&#8220; custom_padding=&#8220;20px|20px|20px|20px|true|true&#8220; border_radii=&#8220;on|20px|20px|20px|20px&#8220; box_shadow_style=&#8220;preset1&#8243; box_shadow_vertical=&#8220;12px&#8220; box_shadow_blur=&#8220;24px&#8220;]<\/p>\n<div data-tf-live=\"01HMV0KN1KXNN681J4E61PSFP0\"><\/div>\n<p><script src=\"\/\/embed.typeform.com\/next\/embed.js\"><\/script><!-- [et_pb_line_break_holder] -->[\/et_pb_code][et_pb_code disabled_on=&#8220;off|off|on&#8220; admin_label=&#8220;Typeform Mobile Button&#8220; _builder_version=&#8220;4.8.1&#8243; _module_preset=&#8220;default&#8220; text_orientation=&#8220;center&#8220; module_alignment=&#8220;center&#8220;]<\/p>\n<div data-tf-live=\"01HMXQYW6904FAMHQV9Q6FT7XC\"><\/div>\n<p><script src=\"\/\/embed.typeform.com\/next\/embed.js\"><\/script>[\/et_pb_code][et_pb_code disabled_on=&#8220;on|on|on&#8220; admin_label=&#8220;Typeform Mobile Button&#8220; _builder_version=&#8220;4.8.1&#8243; _module_preset=&#8220;default&#8220; text_orientation=&#8220;center&#8220; module_alignment=&#8220;center&#8220; disabled=&#8220;on&#8220;]<button data-tf-popup=\"01HMXQYW6904FAMHQV9Q6FT7XC\" data-tf-opacity=\"100\" data-tf-size=\"100\" data-tf-iframe-props=\"title=2024 Q1 KR 1.1 Survey\" data-tf-transitive-search-params=\"\" data-tf-medium=\"snippet\" style=\"all:unset;font-family:Helvetica,Arial,sans-serif;display:inline-block;max-width:100%;white-space:nowrap;overflow:hidden;text-overflow:ellipsis;background-color:#FFFFFF;color:#000;font-size:20px;border-radius:25px;padding:0 33px;font-weight:bold;height:50px;cursor:pointer;line-height:50px;text-align:center;margin:0 auto;text-decoration:none;\">UMFRAGE \u00d6FFNEN<\/button><script src=\"\/\/embed.typeform.com\/next\/embed.js\"><\/script>[\/et_pb_code][\/et_pb_column][\/et_pb_row][\/et_pb_section]<\/p>\n<span class=\"et_bloom_bottom_trigger\"><\/span>","protected":false},"excerpt":{"rendered":"<p>[et_pb_section fb_built=&#8220;1&#8243; admin_label=&#8220;Hero Section&#8220; _builder_version=&#8220;4.8.1&#8243; _module_preset=&#8220;default&#8220; use_background_color_gradient=&#8220;on&#8220; background_color_gradient_start=&#8220;#00a0e3&#8243; background_color_gradient_end=&#8220;#d82a90&#8243; background_color_gradient_direction=&#8220;145deg&#8220; background_image=&#8220;https:\/\/www.qiibee.com\/wp-content\/uploads\/2023\/10\/qb-ws23-bg07-01.png&#8220; parallax=&#8220;on&#8220; min_height_last_edited=&#8220;off|desktop&#8220; custom_padding=&#8220;0px||0px||true|false&#8220; custom_css_main_element=&#8220;min-height: 100vh;||display: flex;||flex-direction: column;&#8220; custom_css_main_element_last_edited=&#8220;off|desktop&#8220;][et_pb_row make_equal=&#8220;on&#8220; admin_label=&#8220;Hero Content Row&#8220; _builder_version=&#8220;4.8.1&#8243; _module_preset=&#8220;default&#8220; module_alignment=&#8220;center&#8220;][et_pb_column type=&#8220;4_4&#8243; _builder_version=&#8220;4.8.1&#8243; _module_preset=&#8220;default&#8220; custom_css_main_element=&#8220;margin:auto;&#8220;][et_pb_image src=&#8220;https:\/\/www.qiibee.com\/wp-content\/uploads\/2021\/01\/qbx-logo-light.png&#8220; title_text=&#8220;qbx-logo-light&#8220; url=&#8220;https:\/\/www.qiibee.com&#8220; align=&#8220;center&#8220; admin_label=&#8220;logo&#8220; _builder_version=&#8220;4.8.1&#8243; _module_preset=&#8220;default&#8220; width=&#8220;135px&#8220;][\/et_pb_image][et_pb_text admin_label=&#8220;Page Title&#8220; _builder_version=&#8220;4.8.1&#8243; _module_preset=&#8220;default&#8220; text_text_color=&#8220;#FFFFFF&#8220; text_font_size=&#8220;18px&#8220; header_font=&#8220;|800|||||||&#8220; header_text_align=&#8220;center&#8220; header_text_color=&#8220;#FFFFFF&#8220; header_font_size=&#8220;32px&#8220; header_line_height=&#8220;1.2em&#8220; header_6_font=&#8220;||on||||||&#8220; header_6_text_color=&#8220;#FFFFFF&#8220; header_6_font_size=&#8220;13px&#8220; header_6_line_height=&#8220;1.2em&#8220; text_orientation=&#8220;center&#8220; background_layout=&#8220;dark&#8220; [&hellip;]<\/p>\n","protected":false},"author":2,"featured_media":9549,"parent":9890,"menu_order":0,"comment_status":"closed","ping_status":"closed","template":"page-template-blank.php","meta":{"_et_pb_use_builder":"on","_et_pb_old_content":"","_et_gb_content_width":"","footnotes":""},"class_list":["post-9902","page","type-page","status-publish","has-post-thumbnail","hentry"],"yoast_head":"<!-- This site is optimized with the Yoast SEO plugin v20.11 - https:\/\/yoast.com\/wordpress\/plugins\/seo\/ -->\n<title>Umfrage: Meilen sammeln und ausgeben - qiibee<\/title>\n<meta name=\"description\" content=\"Sammle bis zu 200 Miles, indem du deine Vorlieben teilst! Wie k\u00f6nntest du am liebsten Miles &amp; More Meilen sammeln und ausgeben?\" \/>\n<meta name=\"robots\" content=\"index, follow, max-snippet:-1, max-image-preview:large, max-video-preview:-1\" \/>\n<link rel=\"canonical\" href=\"https:\/\/www.qiibee.com\/de\/umfragen\/umfrage-meilen-verdienen-und-ausgeben\/\" \/>\n<meta property=\"og:locale\" content=\"de_DE\" \/>\n<meta property=\"og:type\" content=\"article\" \/>\n<meta property=\"og:title\" content=\"Umfrage: Meilen sammeln und ausgeben - qiibee\" \/>\n<meta property=\"og:description\" content=\"Sammle bis zu 200 Miles, indem du deine Vorlieben teilst! Wie k\u00f6nntest du am liebsten Miles &amp; More Meilen sammeln und ausgeben?\" \/>\n<meta property=\"og:url\" content=\"https:\/\/www.qiibee.com\/de\/umfragen\/umfrage-meilen-verdienen-und-ausgeben\/\" \/>\n<meta property=\"og:site_name\" content=\"qiibee\" \/>\n<meta property=\"article:publisher\" content=\"https:\/\/www.facebook.com\/qiibee\" \/>\n<meta property=\"article:modified_time\" content=\"2024-01-30T16:07:22+00:00\" \/>\n<meta property=\"og:image\" content=\"https:\/\/www.qiibee.com\/wp-content\/uploads\/2023\/11\/qb-ws23-ft.png\" \/>\n\t<meta property=\"og:image:width\" content=\"1280\" \/>\n\t<meta property=\"og:image:height\" content=\"720\" \/>\n\t<meta property=\"og:image:type\" content=\"image\/png\" \/>\n<meta name=\"twitter:card\" content=\"summary_large_image\" \/>\n<meta name=\"twitter:site\" content=\"@qiibee\" \/>\n<meta name=\"twitter:label1\" content=\"Gesch\u00e4tzte Lesezeit\" \/>\n\t<meta name=\"twitter:data1\" content=\"2\u00a0Minuten\" \/>\n<script type=\"application\/ld+json\" class=\"yoast-schema-graph\">{\"@context\":\"https:\/\/schema.org\",\"@graph\":[{\"@type\":\"WebPage\",\"@id\":\"https:\/\/www.qiibee.com\/de\/umfragen\/umfrage-meilen-verdienen-und-ausgeben\/\",\"url\":\"https:\/\/www.qiibee.com\/de\/umfragen\/umfrage-meilen-verdienen-und-ausgeben\/\",\"name\":\"Umfrage: Meilen sammeln und ausgeben - qiibee\",\"isPartOf\":{\"@id\":\"https:\/\/www.qiibee.com\/de\/#website\"},\"datePublished\":\"2023-10-19T13:35:14+00:00\",\"dateModified\":\"2024-01-30T16:07:22+00:00\",\"description\":\"Sammle bis zu 200 Miles, indem du deine Vorlieben teilst! Wie k\u00f6nntest du am liebsten Miles & More Meilen sammeln und ausgeben?\",\"breadcrumb\":{\"@id\":\"https:\/\/www.qiibee.com\/de\/umfragen\/umfrage-meilen-verdienen-und-ausgeben\/#breadcrumb\"},\"inLanguage\":\"de\",\"potentialAction\":[{\"@type\":\"ReadAction\",\"target\":[\"https:\/\/www.qiibee.com\/de\/umfragen\/umfrage-meilen-verdienen-und-ausgeben\/\"]}]},{\"@type\":\"BreadcrumbList\",\"@id\":\"https:\/\/www.qiibee.com\/de\/umfragen\/umfrage-meilen-verdienen-und-ausgeben\/#breadcrumb\",\"itemListElement\":[{\"@type\":\"ListItem\",\"position\":1,\"name\":\"Home\",\"item\":\"https:\/\/www.qiibee.com\/de\/\"},{\"@type\":\"ListItem\",\"position\":2,\"name\":\"Umfragen\",\"item\":\"https:\/\/www.qiibee.com\/de\/surveys\/\"},{\"@type\":\"ListItem\",\"position\":3,\"name\":\"Umfrage: Meilen sammeln und ausgeben\"}]},{\"@type\":\"WebSite\",\"@id\":\"https:\/\/www.qiibee.com\/de\/#website\",\"url\":\"https:\/\/www.qiibee.com\/de\/\",\"name\":\"qiibee\",\"description\":\"Zugriff auf weltbekannte Marken, die deine Kunden lieben.\",\"potentialAction\":[{\"@type\":\"SearchAction\",\"target\":{\"@type\":\"EntryPoint\",\"urlTemplate\":\"https:\/\/www.qiibee.com\/de\/?s={search_term_string}\"},\"query-input\":\"required name=search_term_string\"}],\"inLanguage\":\"de\"}]}<\/script>\n<!-- \/ Yoast SEO plugin. -->","yoast_head_json":{"title":"Umfrage: Meilen sammeln und ausgeben - qiibee","description":"Sammle bis zu 200 Miles, indem du deine Vorlieben teilst! Wie k\u00f6nntest du am liebsten Miles & More Meilen sammeln und ausgeben?","robots":{"index":"index","follow":"follow","max-snippet":"max-snippet:-1","max-image-preview":"max-image-preview:large","max-video-preview":"max-video-preview:-1"},"canonical":"https:\/\/www.qiibee.com\/de\/umfragen\/umfrage-meilen-verdienen-und-ausgeben\/","og_locale":"de_DE","og_type":"article","og_title":"Umfrage: Meilen sammeln und ausgeben - qiibee","og_description":"Sammle bis zu 200 Miles, indem du deine Vorlieben teilst! Wie k\u00f6nntest du am liebsten Miles & More Meilen sammeln und ausgeben?","og_url":"https:\/\/www.qiibee.com\/de\/umfragen\/umfrage-meilen-verdienen-und-ausgeben\/","og_site_name":"qiibee","article_publisher":"https:\/\/www.facebook.com\/qiibee","article_modified_time":"2024-01-30T16:07:22+00:00","og_image":[{"width":1280,"height":720,"url":"https:\/\/www.qiibee.com\/wp-content\/uploads\/2023\/11\/qb-ws23-ft.png","type":"image\/png"}],"twitter_card":"summary_large_image","twitter_site":"@qiibee","twitter_misc":{"Gesch\u00e4tzte Lesezeit":"2\u00a0Minuten"},"schema":{"@context":"https:\/\/schema.org","@graph":[{"@type":"WebPage","@id":"https:\/\/www.qiibee.com\/de\/umfragen\/umfrage-meilen-verdienen-und-ausgeben\/","url":"https:\/\/www.qiibee.com\/de\/umfragen\/umfrage-meilen-verdienen-und-ausgeben\/","name":"Umfrage: Meilen sammeln und ausgeben - qiibee","isPartOf":{"@id":"https:\/\/www.qiibee.com\/de\/#website"},"datePublished":"2023-10-19T13:35:14+00:00","dateModified":"2024-01-30T16:07:22+00:00","description":"Sammle bis zu 200 Miles, indem du deine Vorlieben teilst! Wie k\u00f6nntest du am liebsten Miles & More Meilen sammeln und ausgeben?","breadcrumb":{"@id":"https:\/\/www.qiibee.com\/de\/umfragen\/umfrage-meilen-verdienen-und-ausgeben\/#breadcrumb"},"inLanguage":"de","potentialAction":[{"@type":"ReadAction","target":["https:\/\/www.qiibee.com\/de\/umfragen\/umfrage-meilen-verdienen-und-ausgeben\/"]}]},{"@type":"BreadcrumbList","@id":"https:\/\/www.qiibee.com\/de\/umfragen\/umfrage-meilen-verdienen-und-ausgeben\/#breadcrumb","itemListElement":[{"@type":"ListItem","position":1,"name":"Home","item":"https:\/\/www.qiibee.com\/de\/"},{"@type":"ListItem","position":2,"name":"Umfragen","item":"https:\/\/www.qiibee.com\/de\/surveys\/"},{"@type":"ListItem","position":3,"name":"Umfrage: Meilen sammeln und ausgeben"}]},{"@type":"WebSite","@id":"https:\/\/www.qiibee.com\/de\/#website","url":"https:\/\/www.qiibee.com\/de\/","name":"qiibee","description":"Zugriff auf weltbekannte Marken, die deine Kunden lieben.","potentialAction":[{"@type":"SearchAction","target":{"@type":"EntryPoint","urlTemplate":"https:\/\/www.qiibee.com\/de\/?s={search_term_string}"},"query-input":"required name=search_term_string"}],"inLanguage":"de"}]}},"_links":{"self":[{"href":"https:\/\/www.qiibee.com\/de\/wp-json\/wp\/v2\/pages\/9902","targetHints":{"allow":["GET"]}}],"collection":[{"href":"https:\/\/www.qiibee.com\/de\/wp-json\/wp\/v2\/pages"}],"about":[{"href":"https:\/\/www.qiibee.com\/de\/wp-json\/wp\/v2\/types\/page"}],"author":[{"embeddable":true,"href":"https:\/\/www.qiibee.com\/de\/wp-json\/wp\/v2\/users\/2"}],"replies":[{"embeddable":true,"href":"https:\/\/www.qiibee.com\/de\/wp-json\/wp\/v2\/comments?post=9902"}],"version-history":[{"count":7,"href":"https:\/\/www.qiibee.com\/de\/wp-json\/wp\/v2\/pages\/9902\/revisions"}],"predecessor-version":[{"id":10245,"href":"https:\/\/www.qiibee.com\/de\/wp-json\/wp\/v2\/pages\/9902\/revisions\/10245"}],"up":[{"embeddable":true,"href":"https:\/\/www.qiibee.com\/de\/wp-json\/wp\/v2\/pages\/9890"}],"wp:featuredmedia":[{"embeddable":true,"href":"https:\/\/www.qiibee.com\/de\/wp-json\/wp\/v2\/media\/9549"}],"wp:attachment":[{"href":"https:\/\/www.qiibee.com\/de\/wp-json\/wp\/v2\/media?parent=9902"}],"curies":[{"name":"wp","href":"https:\/\/api.w.org\/{rel}","templated":true}]}}