{"id":9878,"date":"2023-10-14T18:16:38","date_gmt":"2023-10-14T16:16:38","guid":{"rendered":"https:\/\/www.qiibee.com\/blog\/"},"modified":"2024-01-15T07:48:22","modified_gmt":"2024-01-15T06:48:22","slug":"blog","status":"publish","type":"page","link":"https:\/\/www.qiibee.com\/de\/blog\/","title":{"rendered":"Blog"},"content":{"rendered":"<p>[et_pb_section fb_built=&#8220;1&#8243; next_background_color=&#8220;#FFFFFF&#8220; _builder_version=&#8220;4.8.1&#8243; _module_preset=&#8220;default&#8220; background_enable_color=&#8220;off&#8220; use_background_color_gradient=&#8220;on&#8220; background_color_gradient_start=&#8220;#00a0e3&#8243; background_color_gradient_end=&#8220;#d82a90&#8243; background_color_gradient_direction=&#8220;145deg&#8220; background_image=&#8220;https:\/\/www.qiibee.com\/wp-content\/uploads\/2023\/10\/qb-ws23-bg07.png&#8220; parallax=&#8220;on&#8220; bottom_divider_style=&#8220;waves&#8220; bottom_divider_height=&#8220;50px&#8220; bottom_divider_repeat=&#8220;0.6x&#8220; bottom_divider_repeat_tablet=&#8220;0.3x&#8220; bottom_divider_repeat_phone=&#8220;0.2x&#8220; bottom_divider_repeat_last_edited=&#8220;on|phone&#8220;][et_pb_row _builder_version=&#8220;4.8.1&#8243; _module_preset=&#8220;default&#8220; custom_margin=&#8220;||100px||false|false&#8220;][et_pb_column type=&#8220;4_4&#8243; _builder_version=&#8220;4.8.1&#8243; _module_preset=&#8220;default&#8220;][et_pb_text admin_label=&#8220;Main Headline&#8220; _builder_version=&#8220;4.8.1&#8243; _module_preset=&#8220;default&#8220; text_text_color=&#8220;#FFFFFF&#8220; text_font_size=&#8220;18px&#8220; text_line_height=&#8220;1.5em&#8220; header_font=&#8220;|800|||||||&#8220; header_text_color=&#8220;#FFFFFF&#8220; header_font_size=&#8220;42px&#8220; header_line_height=&#8220;1.2em&#8220; header_2_font=&#8220;|800|||||||&#8220; header_2_text_align=&#8220;center&#8220; header_2_font_size=&#8220;28px&#8220; header_2_line_height=&#8220;1.2em&#8220; header_3_font=&#8220;|800|||||||&#8220; header_3_font_size=&#8220;21px&#8220; header_3_line_height=&#8220;1.2em&#8220; header_font_size_tablet=&#8220;&#8220; header_font_size_phone=&#8220;32px&#8220; header_font_size_last_edited=&#8220;on|desktop&#8220;]<\/p>\n<h1>Willkommen in unserem Blog<\/h1>\n<p>[\/et_pb_text][et_pb_divider color=&#8220;#FFFFFF&#8220; divider_position=&#8220;center&#8220; divider_weight=&#8220;3px&#8220; _builder_version=&#8220;4.8.1&#8243; _module_preset=&#8220;default&#8220; width=&#8220;50px&#8220; module_alignment=&#8220;left&#8220; custom_margin=&#8220;0px||0px||false|false&#8220;][\/et_pb_divider][et_pb_text admin_label=&#8220;Description&#8220; _builder_version=&#8220;4.8.1&#8243; _module_preset=&#8220;default&#8220; text_text_color=&#8220;#FFFFFF&#8220; text_font_size=&#8220;18px&#8220; text_line_height=&#8220;1.5em&#8220; link_font=&#8220;||||on||||&#8220; link_text_color=&#8220;#FFFFFF&#8220; header_font=&#8220;|800|||||||&#8220; header_text_color=&#8220;#FFFFFF&#8220; header_font_size=&#8220;42px&#8220; header_line_height=&#8220;1.2em&#8220; header_2_font=&#8220;|800|||||||&#8220; header_2_text_align=&#8220;center&#8220; header_2_font_size=&#8220;28px&#8220; header_2_line_height=&#8220;1.2em&#8220; header_3_font=&#8220;|800|||||||&#8220; header_3_font_size=&#8220;21px&#8220; header_3_line_height=&#8220;1.2em&#8220; header_font_size_tablet=&#8220;&#8220; header_font_size_phone=&#8220;32px&#8220; header_font_size_last_edited=&#8220;on|desktop&#8220;]<\/p>\n<p>Tauche ein in den qiibee Blog, dein Tor zu unserer Welt der Belohnungsliquidit\u00e4t und Treue-Trends. Bleib mit den neuesten Entwicklungen auf dem Laufenden, gewinne frische Einblicke aus jedem Beitrag und bereichere deine Gemeinschaft, indem du unseren fesselnden Inhalt teilst. Deine Entdeckungsreise in das Herz der Loyalit\u00e4t und Belohnungsliquidit\u00e4t beginnt hier.<\/p>\n<p>[\/et_pb_text][\/et_pb_column][\/et_pb_row][\/et_pb_section][et_pb_section fb_built=&#8220;1&#8243; _builder_version=&#8220;4.8.1&#8243; _module_preset=&#8220;default&#8220; background_color=&#8220;#FFFFFF&#8220; background_enable_image=&#8220;off&#8220; parallax=&#8220;on&#8220; custom_padding=&#8220;||60px||false|false&#8220;][et_pb_row use_custom_gutter=&#8220;on&#8220; gutter_width=&#8220;2&#8243; make_equal=&#8220;on&#8220; _builder_version=&#8220;4.8.1&#8243; _module_preset=&#8220;default&#8220; custom_margin=&#8220;-200px||||false|false&#8220;][et_pb_column type=&#8220;4_4&#8243; _builder_version=&#8220;4.8.1&#8243; _module_preset=&#8220;default&#8220;][et_pb_blog fullwidth=&#8220;off&#8220; posts_number=&#8220;6&#8243; include_categories=&#8220;all&#8220; use_manual_excerpt=&#8220;off&#8220; excerpt_length=&#8220;100&#8243; show_author=&#8220;off&#8220; _builder_version=&#8220;4.8.1&#8243; _module_preset=&#8220;default&#8220; header_line_height=&#8220;1.25em&#8220; width=&#8220;98%&#8220; animation_style=&#8220;fade&#8220; hover_enabled=&#8220;0&#8243; border_radii=&#8220;on|20px|20px|20px|20px&#8220; border_width_all=&#8220;0px&#8220; box_shadow_style=&#8220;preset1&#8243; box_shadow_vertical=&#8220;15px&#8220; box_shadow_blur=&#8220;30px&#8220; box_shadow_color=&#8220;rgba(0,0,0,0.25)&#8220; locked=&#8220;off&#8220; sticky_enabled=&#8220;0&#8243;][\/et_pb_blog][\/et_pb_column][\/et_pb_row][\/et_pb_section]<\/p>\n<span class=\"et_bloom_bottom_trigger\"><\/span>","protected":false},"excerpt":{"rendered":"<p>[et_pb_section fb_built=&#8220;1&#8243; next_background_color=&#8220;#FFFFFF&#8220; _builder_version=&#8220;4.8.1&#8243; _module_preset=&#8220;default&#8220; background_enable_color=&#8220;off&#8220; use_background_color_gradient=&#8220;on&#8220; background_color_gradient_start=&#8220;#00a0e3&#8243; background_color_gradient_end=&#8220;#d82a90&#8243; background_color_gradient_direction=&#8220;145deg&#8220; background_image=&#8220;https:\/\/www.qiibee.com\/wp-content\/uploads\/2023\/10\/qb-ws23-bg07.png&#8220; parallax=&#8220;on&#8220; bottom_divider_style=&#8220;waves&#8220; bottom_divider_height=&#8220;50px&#8220; bottom_divider_repeat=&#8220;0.6x&#8220; bottom_divider_repeat_tablet=&#8220;0.3x&#8220; bottom_divider_repeat_phone=&#8220;0.2x&#8220; bottom_divider_repeat_last_edited=&#8220;on|phone&#8220;][et_pb_row _builder_version=&#8220;4.8.1&#8243; _module_preset=&#8220;default&#8220; custom_margin=&#8220;||100px||false|false&#8220;][et_pb_column type=&#8220;4_4&#8243; _builder_version=&#8220;4.8.1&#8243; _module_preset=&#8220;default&#8220;][et_pb_text admin_label=&#8220;Main Headline&#8220; _builder_version=&#8220;4.8.1&#8243; _module_preset=&#8220;default&#8220; text_text_color=&#8220;#FFFFFF&#8220; text_font_size=&#8220;18px&#8220; text_line_height=&#8220;1.5em&#8220; header_font=&#8220;|800|||||||&#8220; header_text_color=&#8220;#FFFFFF&#8220; header_font_size=&#8220;42px&#8220; header_line_height=&#8220;1.2em&#8220; header_2_font=&#8220;|800|||||||&#8220; header_2_text_align=&#8220;center&#8220; header_2_font_size=&#8220;28px&#8220; header_2_line_height=&#8220;1.2em&#8220; header_3_font=&#8220;|800|||||||&#8220; header_3_font_size=&#8220;21px&#8220; header_3_line_height=&#8220;1.2em&#8220; header_font_size_tablet=&#8220;&#8220; header_font_size_phone=&#8220;32px&#8220; header_font_size_last_edited=&#8220;on|desktop&#8220;] Willkommen in unserem Blog [\/et_pb_text][et_pb_divider color=&#8220;#FFFFFF&#8220; divider_position=&#8220;center&#8220; divider_weight=&#8220;3px&#8220; _builder_version=&#8220;4.8.1&#8243; _module_preset=&#8220;default&#8220; [&hellip;]<\/p>\n","protected":false},"author":2,"featured_media":9549,"parent":0,"menu_order":0,"comment_status":"closed","ping_status":"closed","template":"","meta":{"_et_pb_use_builder":"on","_et_pb_old_content":"","_et_gb_content_width":"","footnotes":""},"class_list":["post-9878","page","type-page","status-publish","has-post-thumbnail","hentry"],"yoast_head":"<!-- This site is optimized with the Yoast SEO plugin v20.11 - https:\/\/yoast.com\/wordpress\/plugins\/seo\/ -->\n<title>Blog - qiibee<\/title>\n<meta name=\"description\" content=\"Tauche ein in den qiibee Blog, dein Tor zu unserer Welt der Belohnungsliquidit\u00e4t und Treue-Trends. Deine Entdeckungsreise in das Herz der Loyalit\u00e4t und Belohnungsliquidit\u00e4t beginnt hier.\" \/>\n<meta name=\"robots\" content=\"index, follow, max-snippet:-1, max-image-preview:large, max-video-preview:-1\" \/>\n<link rel=\"canonical\" href=\"https:\/\/www.qiibee.com\/de\/blog\/\" \/>\n<meta property=\"og:locale\" content=\"de_DE\" \/>\n<meta property=\"og:type\" content=\"article\" \/>\n<meta property=\"og:title\" content=\"Blog - qiibee\" \/>\n<meta property=\"og:description\" content=\"Tauche ein in den qiibee Blog, dein Tor zu unserer Welt der Belohnungsliquidit\u00e4t und Treue-Trends. Deine Entdeckungsreise in das Herz der Loyalit\u00e4t und Belohnungsliquidit\u00e4t beginnt hier.\" \/>\n<meta property=\"og:url\" content=\"https:\/\/www.qiibee.com\/de\/blog\/\" \/>\n<meta property=\"og:site_name\" content=\"qiibee\" \/>\n<meta property=\"article:publisher\" content=\"https:\/\/www.facebook.com\/qiibee\" \/>\n<meta property=\"article:modified_time\" content=\"2024-01-15T06:48:22+00:00\" \/>\n<meta property=\"og:image\" content=\"https:\/\/www.qiibee.com\/wp-content\/uploads\/2023\/11\/qb-ws23-ft.png\" \/>\n\t<meta property=\"og:image:width\" content=\"1280\" \/>\n\t<meta property=\"og:image:height\" content=\"720\" \/>\n\t<meta property=\"og:image:type\" content=\"image\/png\" \/>\n<meta name=\"twitter:card\" content=\"summary_large_image\" \/>\n<meta name=\"twitter:site\" content=\"@qiibee\" \/>\n<meta name=\"twitter:label1\" content=\"Gesch\u00e4tzte Lesezeit\" \/>\n\t<meta name=\"twitter:data1\" content=\"3\u00a0Minuten\" \/>\n<script type=\"application\/ld+json\" class=\"yoast-schema-graph\">{\"@context\":\"https:\/\/schema.org\",\"@graph\":[{\"@type\":\"WebPage\",\"@id\":\"https:\/\/www.qiibee.com\/de\/blog\/\",\"url\":\"https:\/\/www.qiibee.com\/de\/blog\/\",\"name\":\"Blog - qiibee\",\"isPartOf\":{\"@id\":\"https:\/\/www.qiibee.com\/de\/#website\"},\"datePublished\":\"2023-10-14T16:16:38+00:00\",\"dateModified\":\"2024-01-15T06:48:22+00:00\",\"description\":\"Tauche ein in den qiibee Blog, dein Tor zu unserer Welt der Belohnungsliquidit\u00e4t und Treue-Trends. Deine Entdeckungsreise in das Herz der Loyalit\u00e4t und Belohnungsliquidit\u00e4t beginnt hier.\",\"breadcrumb\":{\"@id\":\"https:\/\/www.qiibee.com\/de\/blog\/#breadcrumb\"},\"inLanguage\":\"de\",\"potentialAction\":[{\"@type\":\"ReadAction\",\"target\":[\"https:\/\/www.qiibee.com\/de\/blog\/\"]}]},{\"@type\":\"BreadcrumbList\",\"@id\":\"https:\/\/www.qiibee.com\/de\/blog\/#breadcrumb\",\"itemListElement\":[{\"@type\":\"ListItem\",\"position\":1,\"name\":\"Home\",\"item\":\"https:\/\/www.qiibee.com\/de\/\"},{\"@type\":\"ListItem\",\"position\":2,\"name\":\"Blog\"}]},{\"@type\":\"WebSite\",\"@id\":\"https:\/\/www.qiibee.com\/de\/#website\",\"url\":\"https:\/\/www.qiibee.com\/de\/\",\"name\":\"qiibee\",\"description\":\"Zugriff auf weltbekannte Marken, die deine Kunden lieben.\",\"potentialAction\":[{\"@type\":\"SearchAction\",\"target\":{\"@type\":\"EntryPoint\",\"urlTemplate\":\"https:\/\/www.qiibee.com\/de\/?s={search_term_string}\"},\"query-input\":\"required name=search_term_string\"}],\"inLanguage\":\"de\"}]}<\/script>\n<!-- \/ Yoast SEO plugin. -->","yoast_head_json":{"title":"Blog - qiibee","description":"Tauche ein in den qiibee Blog, dein Tor zu unserer Welt der Belohnungsliquidit\u00e4t und Treue-Trends. Deine Entdeckungsreise in das Herz der Loyalit\u00e4t und Belohnungsliquidit\u00e4t beginnt hier.","robots":{"index":"index","follow":"follow","max-snippet":"max-snippet:-1","max-image-preview":"max-image-preview:large","max-video-preview":"max-video-preview:-1"},"canonical":"https:\/\/www.qiibee.com\/de\/blog\/","og_locale":"de_DE","og_type":"article","og_title":"Blog - qiibee","og_description":"Tauche ein in den qiibee Blog, dein Tor zu unserer Welt der Belohnungsliquidit\u00e4t und Treue-Trends. Deine Entdeckungsreise in das Herz der Loyalit\u00e4t und Belohnungsliquidit\u00e4t beginnt hier.","og_url":"https:\/\/www.qiibee.com\/de\/blog\/","og_site_name":"qiibee","article_publisher":"https:\/\/www.facebook.com\/qiibee","article_modified_time":"2024-01-15T06:48:22+00:00","og_image":[{"width":1280,"height":720,"url":"https:\/\/www.qiibee.com\/wp-content\/uploads\/2023\/11\/qb-ws23-ft.png","type":"image\/png"}],"twitter_card":"summary_large_image","twitter_site":"@qiibee","twitter_misc":{"Gesch\u00e4tzte Lesezeit":"3\u00a0Minuten"},"schema":{"@context":"https:\/\/schema.org","@graph":[{"@type":"WebPage","@id":"https:\/\/www.qiibee.com\/de\/blog\/","url":"https:\/\/www.qiibee.com\/de\/blog\/","name":"Blog - qiibee","isPartOf":{"@id":"https:\/\/www.qiibee.com\/de\/#website"},"datePublished":"2023-10-14T16:16:38+00:00","dateModified":"2024-01-15T06:48:22+00:00","description":"Tauche ein in den qiibee Blog, dein Tor zu unserer Welt der Belohnungsliquidit\u00e4t und Treue-Trends. Deine Entdeckungsreise in das Herz der Loyalit\u00e4t und Belohnungsliquidit\u00e4t beginnt hier.","breadcrumb":{"@id":"https:\/\/www.qiibee.com\/de\/blog\/#breadcrumb"},"inLanguage":"de","potentialAction":[{"@type":"ReadAction","target":["https:\/\/www.qiibee.com\/de\/blog\/"]}]},{"@type":"BreadcrumbList","@id":"https:\/\/www.qiibee.com\/de\/blog\/#breadcrumb","itemListElement":[{"@type":"ListItem","position":1,"name":"Home","item":"https:\/\/www.qiibee.com\/de\/"},{"@type":"ListItem","position":2,"name":"Blog"}]},{"@type":"WebSite","@id":"https:\/\/www.qiibee.com\/de\/#website","url":"https:\/\/www.qiibee.com\/de\/","name":"qiibee","description":"Zugriff auf weltbekannte Marken, die deine Kunden lieben.","potentialAction":[{"@type":"SearchAction","target":{"@type":"EntryPoint","urlTemplate":"https:\/\/www.qiibee.com\/de\/?s={search_term_string}"},"query-input":"required name=search_term_string"}],"inLanguage":"de"}]}},"_links":{"self":[{"href":"https:\/\/www.qiibee.com\/de\/wp-json\/wp\/v2\/pages\/9878","targetHints":{"allow":["GET"]}}],"collection":[{"href":"https:\/\/www.qiibee.com\/de\/wp-json\/wp\/v2\/pages"}],"about":[{"href":"https:\/\/www.qiibee.com\/de\/wp-json\/wp\/v2\/types\/page"}],"author":[{"embeddable":true,"href":"https:\/\/www.qiibee.com\/de\/wp-json\/wp\/v2\/users\/2"}],"replies":[{"embeddable":true,"href":"https:\/\/www.qiibee.com\/de\/wp-json\/wp\/v2\/comments?post=9878"}],"version-history":[{"count":2,"href":"https:\/\/www.qiibee.com\/de\/wp-json\/wp\/v2\/pages\/9878\/revisions"}],"predecessor-version":[{"id":9880,"href":"https:\/\/www.qiibee.com\/de\/wp-json\/wp\/v2\/pages\/9878\/revisions\/9880"}],"wp:featuredmedia":[{"embeddable":true,"href":"https:\/\/www.qiibee.com\/de\/wp-json\/wp\/v2\/media\/9549"}],"wp:attachment":[{"href":"https:\/\/www.qiibee.com\/de\/wp-json\/wp\/v2\/media?parent=9878"}],"curies":[{"name":"wp","href":"https:\/\/api.w.org\/{rel}","templated":true}]}}