{"id":9860,"date":"2021-02-02T17:43:14","date_gmt":"2021-02-02T16:43:14","guid":{"rendered":"https:\/\/www.qiibee.com\/impressum\/"},"modified":"2024-01-13T14:39:23","modified_gmt":"2024-01-13T13:39:23","slug":"impressum","status":"publish","type":"page","link":"https:\/\/www.qiibee.com\/de\/impressum\/","title":{"rendered":"Impressum"},"content":{"rendered":"<p>[et_pb_section fb_built=&#8220;1&#8243; next_background_color=&#8220;#ffffff&#8220; _builder_version=&#8220;4.8.1&#8243; _module_preset=&#8220;default&#8220; background_enable_color=&#8220;off&#8220; use_background_color_gradient=&#8220;on&#8220; background_color_gradient_start=&#8220;#00a0e3&#8243; background_color_gradient_end=&#8220;#d82a90&#8243; background_color_gradient_direction=&#8220;145deg&#8220; background_image=&#8220;https:\/\/www.qiibee.com\/wp-content\/uploads\/2023\/10\/qb-ws23-bg07-02.png&#8220; parallax=&#8220;on&#8220; bottom_divider_style=&#8220;waves&#8220; bottom_divider_height=&#8220;50px&#8220; bottom_divider_repeat=&#8220;0.5x&#8220; bottom_divider_flip=&#8220;vertical&#8220; bottom_divider_repeat_tablet=&#8220;0.3x&#8220; bottom_divider_repeat_phone=&#8220;0.2x&#8220; bottom_divider_repeat_last_edited=&#8220;on|phone&#8220; locked=&#8220;off&#8220;][et_pb_row _builder_version=&#8220;4.8.1&#8243; _module_preset=&#8220;default&#8220; custom_margin=&#8220;||100px||false|false&#8220;][et_pb_column type=&#8220;4_4&#8243; _builder_version=&#8220;4.8.1&#8243; _module_preset=&#8220;default&#8220;][et_pb_text admin_label=&#8220;Main Headline&#8220; _builder_version=&#8220;4.8.1&#8243; _module_preset=&#8220;default&#8220; text_text_color=&#8220;#FFFFFF&#8220; text_font_size=&#8220;18px&#8220; text_line_height=&#8220;1.5em&#8220; header_font=&#8220;|800|||||||&#8220; header_text_color=&#8220;#FFFFFF&#8220; header_font_size=&#8220;42px&#8220; header_line_height=&#8220;1.2em&#8220; header_2_font=&#8220;|800|||||||&#8220; header_2_text_align=&#8220;center&#8220; header_2_font_size=&#8220;28px&#8220; header_2_line_height=&#8220;1.2em&#8220; header_3_font=&#8220;|800|||||||&#8220; header_3_font_size=&#8220;21px&#8220; header_3_line_height=&#8220;1.2em&#8220; header_font_size_tablet=&#8220;&#8220; header_font_size_phone=&#8220;32px&#8220; header_font_size_last_edited=&#8220;on|desktop&#8220;]<\/p>\n<h1>Impressum<\/h1>\n<p>[\/et_pb_text][et_pb_divider color=&#8220;#FFFFFF&#8220; divider_position=&#8220;center&#8220; divider_weight=&#8220;3px&#8220; _builder_version=&#8220;4.8.1&#8243; _module_preset=&#8220;default&#8220; width=&#8220;50px&#8220; module_alignment=&#8220;left&#8220; custom_margin=&#8220;0px||0px||false|false&#8220;][\/et_pb_divider][et_pb_text admin_label=&#8220;Description&#8220; _builder_version=&#8220;4.8.1&#8243; _module_preset=&#8220;default&#8220; text_text_color=&#8220;#FFFFFF&#8220; text_font_size=&#8220;18px&#8220; text_line_height=&#8220;1.5em&#8220; link_font=&#8220;||||on||||&#8220; link_text_color=&#8220;#FFFFFF&#8220; header_font=&#8220;|800|||||||&#8220; header_text_color=&#8220;#FFFFFF&#8220; header_font_size=&#8220;42px&#8220; header_line_height=&#8220;1.2em&#8220; header_2_font=&#8220;|800|||||||&#8220; header_2_text_align=&#8220;center&#8220; header_2_font_size=&#8220;28px&#8220; header_2_line_height=&#8220;1.2em&#8220; header_3_font=&#8220;|800|||||||&#8220; header_3_font_size=&#8220;21px&#8220; header_3_line_height=&#8220;1.2em&#8220; header_font_size_tablet=&#8220;&#8220; header_font_size_phone=&#8220;32px&#8220; header_font_size_last_edited=&#8220;on|desktop&#8220;]Hier findest du die wichtigsten Informationen \u00fcber unsere Firma. Wenn du Fragen oder Vorschl\u00e4ge hast, z\u00f6gere bitte nicht, uns zu kontaktieren.[\/et_pb_text][\/et_pb_column][\/et_pb_row][\/et_pb_section][et_pb_section fb_built=&#8220;1&#8243; admin_label=&#8220;Content Section&#8220; _builder_version=&#8220;4.8.1&#8243; _module_preset=&#8220;default&#8220;][et_pb_row column_structure=&#8220;1_2,1_2&#8243; make_equal=&#8220;on&#8220; _builder_version=&#8220;4.8.1&#8243; _module_preset=&#8220;default&#8220; background_enable_color=&#8220;off&#8220; custom_margin=&#8220;-200px||||false|false&#8220; hover_enabled=&#8220;0&#8243; sticky_enabled=&#8220;0&#8243;][et_pb_column type=&#8220;1_2&#8243; _builder_version=&#8220;4.8.1&#8243; _module_preset=&#8220;default&#8220; background_color=&#8220;#FFFFFF&#8220; custom_padding=&#8220;40px|40px|40px|40px|true|true&#8220; hover_enabled=&#8220;0&#8243; border_radii=&#8220;on|20px|20px|20px|20px&#8220; box_shadow_style=&#8220;preset1&#8243; box_shadow_vertical=&#8220;15px&#8220; box_shadow_blur=&#8220;30px&#8220; box_shadow_color=&#8220;rgba(0,0,0,0.25)&#8220; sticky_enabled=&#8220;0&#8243;][et_pb_text admin_label=&#8220;Information&#8220; _builder_version=&#8220;4.8.1&#8243; _module_preset=&#8220;default&#8220; text_font_size=&#8220;18px&#8220; background_enable_color=&#8220;off&#8220;]<\/p>\n<p><strong>qiibee ag<\/strong><br \/>Alpenstrasse 7<br \/>CH &#8211; 6300 Zug<\/p>\n<p><strong>Email:<\/strong> <a href=\"mailto:welcome@qiibee.com?subject=%5BWebsite%20Impressum%20Page%5D\">welcome@qiibee.com<\/a><\/p>\n<p><strong>Eingetragener Firmenname:<\/strong> qiibee ag<br \/><strong>Registrierungsnummer:<\/strong> CHE-430.610.464<br \/><strong>Handelsregisteramt:<\/strong> Zug<\/p>\n<p>Copyright \u00a9 <script>document.write(new Date().getFullYear())<\/script> qiibee ag<br \/>Alle Rechte vorbehalten<\/p>\n<p>[\/et_pb_text][\/et_pb_column][et_pb_column type=&#8220;1_2&#8243; _builder_version=&#8220;4.8.1&#8243; _module_preset=&#8220;default&#8220; background_color=&#8220;#FFFFFF&#8220; custom_padding=&#8220;40px|40px|40px|40px|true|true&#8220; hover_enabled=&#8220;0&#8243; border_radii=&#8220;on|20px|20px|20px|20px&#8220; box_shadow_style=&#8220;preset1&#8243; box_shadow_vertical=&#8220;15px&#8220; box_shadow_blur=&#8220;30px&#8220; box_shadow_color=&#8220;rgba(0,0,0,0.25)&#8220; sticky_enabled=&#8220;0&#8243;][et_pb_text admin_label=&#8220;Disclaimer&#8220; _builder_version=&#8220;4.8.1&#8243; _module_preset=&#8220;default&#8220; text_font_size=&#8220;18px&#8220; background_enable_color=&#8220;off&#8220;]<\/p>\n<p><strong>Haftungsausschluss:<\/strong><br \/>Die auf dieser Webseite bereitgestellten Informationen wurden sorgf\u00e4ltig \u00fcberpr\u00fcft und werden regelm\u00e4\u00dfig aktualisiert. Es kann jedoch keine Garantie daf\u00fcr \u00fcbernommen werden, dass alle Angaben zu jeder Zeit vollst\u00e4ndig, richtig und in neuestem Zustand sind. Dies gilt insbesondere f\u00fcr alle Verbindungen (Links) zu anderen Webseiten, auf die direkt oder indirekt verwiesen wird. Alle Informationen k\u00f6nnen ohne vorherige Ank\u00fcndigung ge\u00e4ndert, entfernt oder erg\u00e4nzt werden.<\/p>\n<p><strong>Datenschutzerkl\u00e4rung:<\/strong><br \/><a href=\"https:\/\/www.qiibee.com\/de\/datenschutzrichtlinie\/\">https:\/\/qiibee.com\/privacy-policy<\/a><\/p>\n<p>[\/et_pb_text][\/et_pb_column][\/et_pb_row][\/et_pb_section]<\/p>\n<span class=\"et_bloom_bottom_trigger\"><\/span>","protected":false},"excerpt":{"rendered":"<p>[et_pb_section fb_built=&#8220;1&#8243; next_background_color=&#8220;#ffffff&#8220; _builder_version=&#8220;4.8.1&#8243; _module_preset=&#8220;default&#8220; background_enable_color=&#8220;off&#8220; use_background_color_gradient=&#8220;on&#8220; background_color_gradient_start=&#8220;#00a0e3&#8243; background_color_gradient_end=&#8220;#d82a90&#8243; background_color_gradient_direction=&#8220;145deg&#8220; background_image=&#8220;https:\/\/www.qiibee.com\/wp-content\/uploads\/2023\/10\/qb-ws23-bg07-02.png&#8220; parallax=&#8220;on&#8220; bottom_divider_style=&#8220;waves&#8220; bottom_divider_height=&#8220;50px&#8220; bottom_divider_repeat=&#8220;0.5x&#8220; bottom_divider_flip=&#8220;vertical&#8220; bottom_divider_repeat_tablet=&#8220;0.3x&#8220; bottom_divider_repeat_phone=&#8220;0.2x&#8220; bottom_divider_repeat_last_edited=&#8220;on|phone&#8220; locked=&#8220;off&#8220;][et_pb_row _builder_version=&#8220;4.8.1&#8243; _module_preset=&#8220;default&#8220; custom_margin=&#8220;||100px||false|false&#8220;][et_pb_column type=&#8220;4_4&#8243; _builder_version=&#8220;4.8.1&#8243; _module_preset=&#8220;default&#8220;][et_pb_text admin_label=&#8220;Main Headline&#8220; _builder_version=&#8220;4.8.1&#8243; _module_preset=&#8220;default&#8220; text_text_color=&#8220;#FFFFFF&#8220; text_font_size=&#8220;18px&#8220; text_line_height=&#8220;1.5em&#8220; header_font=&#8220;|800|||||||&#8220; header_text_color=&#8220;#FFFFFF&#8220; header_font_size=&#8220;42px&#8220; header_line_height=&#8220;1.2em&#8220; header_2_font=&#8220;|800|||||||&#8220; header_2_text_align=&#8220;center&#8220; header_2_font_size=&#8220;28px&#8220; header_2_line_height=&#8220;1.2em&#8220; header_3_font=&#8220;|800|||||||&#8220; header_3_font_size=&#8220;21px&#8220; header_3_line_height=&#8220;1.2em&#8220; header_font_size_tablet=&#8220;&#8220; header_font_size_phone=&#8220;32px&#8220; header_font_size_last_edited=&#8220;on|desktop&#8220;] Impressum [\/et_pb_text][et_pb_divider color=&#8220;#FFFFFF&#8220; divider_position=&#8220;center&#8220; divider_weight=&#8220;3px&#8220; _builder_version=&#8220;4.8.1&#8243; _module_preset=&#8220;default&#8220; width=&#8220;50px&#8220; [&hellip;]<\/p>\n","protected":false},"author":2,"featured_media":9549,"parent":0,"menu_order":0,"comment_status":"closed","ping_status":"closed","template":"","meta":{"_et_pb_use_builder":"on","_et_pb_old_content":"","_et_gb_content_width":"","footnotes":""},"class_list":["post-9860","page","type-page","status-publish","has-post-thumbnail","hentry"],"yoast_head":"<!-- This site is optimized with the Yoast SEO plugin v20.11 - https:\/\/yoast.com\/wordpress\/plugins\/seo\/ -->\n<title>Impressum - qiibee<\/title>\n<meta name=\"description\" content=\"Hier findest du die wichtigsten Informationen \u00fcber unsere Firma. Wenn du Fragen oder Vorschl\u00e4ge hast, z\u00f6gere bitte nicht, uns zu kontaktieren.\" \/>\n<meta name=\"robots\" content=\"index, follow, max-snippet:-1, max-image-preview:large, max-video-preview:-1\" \/>\n<link rel=\"canonical\" href=\"https:\/\/www.qiibee.com\/de\/impressum\/\" \/>\n<meta property=\"og:locale\" content=\"de_DE\" \/>\n<meta property=\"og:type\" content=\"article\" \/>\n<meta property=\"og:title\" content=\"Zugriff auf Weltklasse-Marken, die deine Kunden lieben\" \/>\n<meta property=\"og:description\" content=\"Greife auf Weltklasse-Marken zu, die deine Kunden lieben. Steigere die Kundenloyalit\u00e4t, indem du Weltklasse-Marken und Belohnungen aus unserem Marktplatz anbietest, die deine Kunden lieben.\" \/>\n<meta property=\"og:url\" content=\"https:\/\/www.qiibee.com\/de\/impressum\/\" \/>\n<meta property=\"og:site_name\" content=\"qiibee\" \/>\n<meta property=\"article:publisher\" content=\"https:\/\/www.facebook.com\/qiibee\" \/>\n<meta property=\"article:modified_time\" content=\"2024-01-13T13:39:23+00:00\" \/>\n<meta property=\"og:image\" content=\"https:\/\/www.qiibee.com\/wp-content\/uploads\/2021\/02\/qiibee.png\" \/>\n<meta name=\"twitter:card\" content=\"summary_large_image\" \/>\n<meta name=\"twitter:title\" content=\"Zugriff auf Weltklasse-Marken, die deine Kunden lieben\" \/>\n<meta name=\"twitter:description\" content=\"Greife auf Weltklasse-Marken zu, die deine Kunden lieben. Steigere die Kundenloyalit\u00e4t, indem du Weltklasse-Marken und Belohnungen aus unserem Marktplatz anbietest, die deine Kunden lieben.\" \/>\n<meta name=\"twitter:image\" content=\"https:\/\/www.qiibee.com\/wp-content\/uploads\/2021\/02\/qiibee.png\" \/>\n<meta name=\"twitter:site\" content=\"@qiibee\" \/>\n<meta name=\"twitter:label1\" content=\"Gesch\u00e4tzte Lesezeit\" \/>\n\t<meta name=\"twitter:data1\" content=\"3\u00a0Minuten\" \/>\n<script type=\"application\/ld+json\" class=\"yoast-schema-graph\">{\"@context\":\"https:\/\/schema.org\",\"@graph\":[{\"@type\":\"WebPage\",\"@id\":\"https:\/\/www.qiibee.com\/de\/impressum\/\",\"url\":\"https:\/\/www.qiibee.com\/de\/impressum\/\",\"name\":\"Impressum - qiibee\",\"isPartOf\":{\"@id\":\"https:\/\/www.qiibee.com\/de\/#website\"},\"datePublished\":\"2021-02-02T16:43:14+00:00\",\"dateModified\":\"2024-01-13T13:39:23+00:00\",\"description\":\"Hier findest du die wichtigsten Informationen \u00fcber unsere Firma. Wenn du Fragen oder Vorschl\u00e4ge hast, z\u00f6gere bitte nicht, uns zu kontaktieren.\",\"breadcrumb\":{\"@id\":\"https:\/\/www.qiibee.com\/de\/impressum\/#breadcrumb\"},\"inLanguage\":\"de\",\"potentialAction\":[{\"@type\":\"ReadAction\",\"target\":[\"https:\/\/www.qiibee.com\/de\/impressum\/\"]}]},{\"@type\":\"BreadcrumbList\",\"@id\":\"https:\/\/www.qiibee.com\/de\/impressum\/#breadcrumb\",\"itemListElement\":[{\"@type\":\"ListItem\",\"position\":1,\"name\":\"Home\",\"item\":\"https:\/\/www.qiibee.com\/de\/\"},{\"@type\":\"ListItem\",\"position\":2,\"name\":\"Impressum\"}]},{\"@type\":\"WebSite\",\"@id\":\"https:\/\/www.qiibee.com\/de\/#website\",\"url\":\"https:\/\/www.qiibee.com\/de\/\",\"name\":\"qiibee\",\"description\":\"Zugriff auf weltbekannte Marken, die deine Kunden lieben.\",\"potentialAction\":[{\"@type\":\"SearchAction\",\"target\":{\"@type\":\"EntryPoint\",\"urlTemplate\":\"https:\/\/www.qiibee.com\/de\/?s={search_term_string}\"},\"query-input\":\"required name=search_term_string\"}],\"inLanguage\":\"de\"}]}<\/script>\n<!-- \/ Yoast SEO plugin. -->","yoast_head_json":{"title":"Impressum - qiibee","description":"Hier findest du die wichtigsten Informationen \u00fcber unsere Firma. Wenn du Fragen oder Vorschl\u00e4ge hast, z\u00f6gere bitte nicht, uns zu kontaktieren.","robots":{"index":"index","follow":"follow","max-snippet":"max-snippet:-1","max-image-preview":"max-image-preview:large","max-video-preview":"max-video-preview:-1"},"canonical":"https:\/\/www.qiibee.com\/de\/impressum\/","og_locale":"de_DE","og_type":"article","og_title":"Zugriff auf Weltklasse-Marken, die deine Kunden lieben","og_description":"Greife auf Weltklasse-Marken zu, die deine Kunden lieben. Steigere die Kundenloyalit\u00e4t, indem du Weltklasse-Marken und Belohnungen aus unserem Marktplatz anbietest, die deine Kunden lieben.","og_url":"https:\/\/www.qiibee.com\/de\/impressum\/","og_site_name":"qiibee","article_publisher":"https:\/\/www.facebook.com\/qiibee","article_modified_time":"2024-01-13T13:39:23+00:00","og_image":[{"url":"https:\/\/www.qiibee.com\/wp-content\/uploads\/2021\/02\/qiibee.png"}],"twitter_card":"summary_large_image","twitter_title":"Zugriff auf Weltklasse-Marken, die deine Kunden lieben","twitter_description":"Greife auf Weltklasse-Marken zu, die deine Kunden lieben. Steigere die Kundenloyalit\u00e4t, indem du Weltklasse-Marken und Belohnungen aus unserem Marktplatz anbietest, die deine Kunden lieben.","twitter_image":"https:\/\/www.qiibee.com\/wp-content\/uploads\/2021\/02\/qiibee.png","twitter_site":"@qiibee","twitter_misc":{"Gesch\u00e4tzte Lesezeit":"3\u00a0Minuten"},"schema":{"@context":"https:\/\/schema.org","@graph":[{"@type":"WebPage","@id":"https:\/\/www.qiibee.com\/de\/impressum\/","url":"https:\/\/www.qiibee.com\/de\/impressum\/","name":"Impressum - qiibee","isPartOf":{"@id":"https:\/\/www.qiibee.com\/de\/#website"},"datePublished":"2021-02-02T16:43:14+00:00","dateModified":"2024-01-13T13:39:23+00:00","description":"Hier findest du die wichtigsten Informationen \u00fcber unsere Firma. Wenn du Fragen oder Vorschl\u00e4ge hast, z\u00f6gere bitte nicht, uns zu kontaktieren.","breadcrumb":{"@id":"https:\/\/www.qiibee.com\/de\/impressum\/#breadcrumb"},"inLanguage":"de","potentialAction":[{"@type":"ReadAction","target":["https:\/\/www.qiibee.com\/de\/impressum\/"]}]},{"@type":"BreadcrumbList","@id":"https:\/\/www.qiibee.com\/de\/impressum\/#breadcrumb","itemListElement":[{"@type":"ListItem","position":1,"name":"Home","item":"https:\/\/www.qiibee.com\/de\/"},{"@type":"ListItem","position":2,"name":"Impressum"}]},{"@type":"WebSite","@id":"https:\/\/www.qiibee.com\/de\/#website","url":"https:\/\/www.qiibee.com\/de\/","name":"qiibee","description":"Zugriff auf weltbekannte Marken, die deine Kunden lieben.","potentialAction":[{"@type":"SearchAction","target":{"@type":"EntryPoint","urlTemplate":"https:\/\/www.qiibee.com\/de\/?s={search_term_string}"},"query-input":"required name=search_term_string"}],"inLanguage":"de"}]}},"_links":{"self":[{"href":"https:\/\/www.qiibee.com\/de\/wp-json\/wp\/v2\/pages\/9860","targetHints":{"allow":["GET"]}}],"collection":[{"href":"https:\/\/www.qiibee.com\/de\/wp-json\/wp\/v2\/pages"}],"about":[{"href":"https:\/\/www.qiibee.com\/de\/wp-json\/wp\/v2\/types\/page"}],"author":[{"embeddable":true,"href":"https:\/\/www.qiibee.com\/de\/wp-json\/wp\/v2\/users\/2"}],"replies":[{"embeddable":true,"href":"https:\/\/www.qiibee.com\/de\/wp-json\/wp\/v2\/comments?post=9860"}],"version-history":[{"count":2,"href":"https:\/\/www.qiibee.com\/de\/wp-json\/wp\/v2\/pages\/9860\/revisions"}],"predecessor-version":[{"id":9862,"href":"https:\/\/www.qiibee.com\/de\/wp-json\/wp\/v2\/pages\/9860\/revisions\/9862"}],"wp:featuredmedia":[{"embeddable":true,"href":"https:\/\/www.qiibee.com\/de\/wp-json\/wp\/v2\/media\/9549"}],"wp:attachment":[{"href":"https:\/\/www.qiibee.com\/de\/wp-json\/wp\/v2\/media?parent=9860"}],"curies":[{"name":"wp","href":"https:\/\/api.w.org\/{rel}","templated":true}]}}